{"id":1244,"date":"2019-05-24T12:41:37","date_gmt":"2019-05-24T11:41:37","guid":{"rendered":"http:\/\/fgbmfi-burkina.org\/?post_type=product&#038;p=1244"},"modified":"2019-05-24T12:52:37","modified_gmt":"2019-05-24T11:52:37","slug":"marchons-par-lesprit","status":"publish","type":"product","link":"https:\/\/fgbmfi-burkina.org\/index.php\/produit\/marchons-par-lesprit\/","title":{"rendered":"MARCHONS PAR L&rsquo;ESPRIT"},"content":{"rendered":"<p>Entendre quotidiennement la voix de Dieu, et vivre avec Lui comme on vit avec un ami, n&rsquo;est-ce pas la vie chr\u00e9tienne normale ? N&rsquo;est-ce pas aussi la condition du r\u00e9veil spirituel auquel nous aspirons tent ?<\/p>\n<p>Nous passerons \u00e0 c\u00f4t\u00e9 de grandes b\u00e9n\u00e9dictions, si nous n&rsquo;apprenons pas \u00e0 marcher par l&rsquo;Esprit. Telle est la raison d&rsquo;\u00eatre de ce livre.<\/p>\n","protected":false},"excerpt":{"rendered":"<p>Entendre quotidiennement la voix de Dieu, et vivre avec Lui comme on vit avec un ami, n&rsquo;est-ce pas la vie chr\u00e9tienne normale ? N&rsquo;est-ce pas aussi la condition du r\u00e9veil spirituel auquel nous aspirons tent ? Nous passerons \u00e0 c\u00f4t\u00e9 de grandes b\u00e9n\u00e9dictions, si nous n&rsquo;apprenons pas \u00e0 marcher par l&rsquo;Esprit. Telle est la raison d&rsquo;\u00eatre de ce livre.<\/p>\n","protected":false},"featured_media":1245,"comment_status":"closed","ping_status":"closed","template":"","meta":[],"product_brand":[],"product_cat":[48],"product_tag":[],"class_list":{"0":"post-1244","1":"product","2":"type-product","3":"status-publish","4":"has-post-thumbnail","6":"product_cat-autres-livres","7":"alt-left","9":"first","10":"instock","11":"shipping-taxable","12":"purchasable","13":"product-type-simple"},"_links":{"self":[{"href":"https:\/\/fgbmfi-burkina.org\/index.php\/wp-json\/wp\/v2\/product\/1244","targetHints":{"allow":["GET"]}}],"collection":[{"href":"https:\/\/fgbmfi-burkina.org\/index.php\/wp-json\/wp\/v2\/product"}],"about":[{"href":"https:\/\/fgbmfi-burkina.org\/index.php\/wp-json\/wp\/v2\/types\/product"}],"replies":[{"embeddable":true,"href":"https:\/\/fgbmfi-burkina.org\/index.php\/wp-json\/wp\/v2\/comments?post=1244"}],"wp:featuredmedia":[{"embeddable":true,"href":"https:\/\/fgbmfi-burkina.org\/index.php\/wp-json\/wp\/v2\/media\/1245"}],"wp:attachment":[{"href":"https:\/\/fgbmfi-burkina.org\/index.php\/wp-json\/wp\/v2\/media?parent=1244"}],"wp:term":[{"taxonomy":"product_brand","embeddable":true,"href":"https:\/\/fgbmfi-burkina.org\/index.php\/wp-json\/wp\/v2\/product_brand?post=1244"},{"taxonomy":"product_cat","embeddable":true,"href":"https:\/\/fgbmfi-burkina.org\/index.php\/wp-json\/wp\/v2\/product_cat?post=1244"},{"taxonomy":"product_tag","embeddable":true,"href":"https:\/\/fgbmfi-burkina.org\/index.php\/wp-json\/wp\/v2\/product_tag?post=1244"}],"curies":[{"name":"wp","href":"https:\/\/api.w.org\/{rel}","templated":true}]}}