{"id":1165,"date":"2019-05-23T20:35:03","date_gmt":"2019-05-23T19:35:03","guid":{"rendered":"http:\/\/fgbmfi-burkina.org\/?post_type=product&#038;p=1165"},"modified":"2019-05-24T12:50:40","modified_gmt":"2019-05-24T11:50:40","slug":"les-gens-les-plus-heureux-sur-terre","status":"publish","type":"product","link":"https:\/\/fgbmfi-burkina.org\/index.php\/produit\/les-gens-les-plus-heureux-sur-terre\/","title":{"rendered":"LES GENS LES PLUS HEUREUX SUR TERRE"},"content":{"rendered":"<div>La vie de Demos Shakarian, homme d&rsquo;affaire arm\u00e9nien, fondateur des \u00ab\u00a0\u00a0\u00bbHommes d&rsquo;Affaire du Plein Evangile\u00a0\u00bb\u00a0\u00bb. Un r\u00e9cit palpitant, \u00e9mouvant, dr\u00f4le, o\u00f9 la providence divine se manifeste dans de nombreuses circonstances. Un d\u00e9lice.<\/div>\n<div><\/div>\n","protected":false},"excerpt":{"rendered":"<p>La vie de Demos Shakarian, homme d&rsquo;affaire arm\u00e9nien, fondateur des \u00ab\u00a0\u00a0\u00bbHommes d&rsquo;Affaire du Plein Evangile\u00a0\u00bb\u00a0\u00bb. Un r\u00e9cit palpitant, \u00e9mouvant, dr\u00f4le, o\u00f9 la providence divine se manifeste dans de nombreuses circonstances. Un d\u00e9lice.<\/p>\n","protected":false},"featured_media":0,"comment_status":"closed","ping_status":"closed","template":"","meta":[],"product_brand":[],"product_cat":[47],"product_tag":[],"class_list":{"0":"post-1165","1":"product","2":"type-product","3":"status-publish","5":"product_cat-livres-de-demos-shakarian","6":"alt-left","8":"first","9":"instock","10":"shipping-taxable","11":"purchasable","12":"product-type-simple"},"_links":{"self":[{"href":"https:\/\/fgbmfi-burkina.org\/index.php\/wp-json\/wp\/v2\/product\/1165","targetHints":{"allow":["GET"]}}],"collection":[{"href":"https:\/\/fgbmfi-burkina.org\/index.php\/wp-json\/wp\/v2\/product"}],"about":[{"href":"https:\/\/fgbmfi-burkina.org\/index.php\/wp-json\/wp\/v2\/types\/product"}],"replies":[{"embeddable":true,"href":"https:\/\/fgbmfi-burkina.org\/index.php\/wp-json\/wp\/v2\/comments?post=1165"}],"wp:attachment":[{"href":"https:\/\/fgbmfi-burkina.org\/index.php\/wp-json\/wp\/v2\/media?parent=1165"}],"wp:term":[{"taxonomy":"product_brand","embeddable":true,"href":"https:\/\/fgbmfi-burkina.org\/index.php\/wp-json\/wp\/v2\/product_brand?post=1165"},{"taxonomy":"product_cat","embeddable":true,"href":"https:\/\/fgbmfi-burkina.org\/index.php\/wp-json\/wp\/v2\/product_cat?post=1165"},{"taxonomy":"product_tag","embeddable":true,"href":"https:\/\/fgbmfi-burkina.org\/index.php\/wp-json\/wp\/v2\/product_tag?post=1165"}],"curies":[{"name":"wp","href":"https:\/\/api.w.org\/{rel}","templated":true}]}}