{"id":82,"date":"2017-06-15T04:06:13","date_gmt":"2017-06-15T02:06:13","guid":{"rendered":"http:\/\/fgbmfi-burkina.org\/?page_id=82"},"modified":"2019-05-17T22:46:26","modified_gmt":"2019-05-17T21:46:26","slug":"structures","status":"publish","type":"page","link":"https:\/\/fgbmfi-burkina.org\/index.php\/structures\/","title":{"rendered":"Structures"},"content":{"rendered":"\n<h2 class=\"wp-block-heading\"><strong>L&rsquo;ASSEMBLEE GENERALE<\/strong><\/h2>\n\n\n\n<p><\/p>\n\n\n\n<h2 class=\"wp-block-heading\">LE BUREAU EX\u00c9CUTIF NATIONAL<\/h2>\n\n\n\n<h2 class=\"wp-block-heading\">LES DIRECTEURS NATIONAUX<\/h2>\n\n\n\n<h2 class=\"wp-block-heading\"> LES D\u00c9L\u00c9GU\u00c9S R\u00c9GIONAUX <\/h2>\n\n\n\n<h2 class=\"wp-block-heading\">LES PR\u00c9SIDENTS DE CHAPITRES<\/h2>\n\n\n\n<p><\/p>\n","protected":false},"excerpt":{"rendered":"<p>L&rsquo;ASSEMBLEE GENERALE LE BUREAU EX\u00c9CUTIF NATIONAL LES DIRECTEURS NATIONAUX LES D\u00c9L\u00c9GU\u00c9S R\u00c9GIONAUX LES PR\u00c9SIDENTS DE CHAPITRES<\/p>\n","protected":false},"author":1,"featured_media":0,"parent":0,"menu_order":0,"comment_status":"closed","ping_status":"closed","template":"elementor_header_footer","meta":{"footnotes":""},"class_list":["post-82","page","type-page","status-publish","hentry","alt-left"],"_links":{"self":[{"href":"https:\/\/fgbmfi-burkina.org\/index.php\/wp-json\/wp\/v2\/pages\/82","targetHints":{"allow":["GET"]}}],"collection":[{"href":"https:\/\/fgbmfi-burkina.org\/index.php\/wp-json\/wp\/v2\/pages"}],"about":[{"href":"https:\/\/fgbmfi-burkina.org\/index.php\/wp-json\/wp\/v2\/types\/page"}],"author":[{"embeddable":true,"href":"https:\/\/fgbmfi-burkina.org\/index.php\/wp-json\/wp\/v2\/users\/1"}],"replies":[{"embeddable":true,"href":"https:\/\/fgbmfi-burkina.org\/index.php\/wp-json\/wp\/v2\/comments?post=82"}],"version-history":[{"count":4,"href":"https:\/\/fgbmfi-burkina.org\/index.php\/wp-json\/wp\/v2\/pages\/82\/revisions"}],"predecessor-version":[{"id":958,"href":"https:\/\/fgbmfi-burkina.org\/index.php\/wp-json\/wp\/v2\/pages\/82\/revisions\/958"}],"wp:attachment":[{"href":"https:\/\/fgbmfi-burkina.org\/index.php\/wp-json\/wp\/v2\/media?parent=82"}],"curies":[{"name":"wp","href":"https:\/\/api.w.org\/{rel}","templated":true}]}}