{"id":76,"date":"2017-06-15T04:04:09","date_gmt":"2017-06-15T02:04:09","guid":{"rendered":"http:\/\/fgbmfi-burkina.org\/?page_id=76"},"modified":"2019-05-19T18:42:49","modified_gmt":"2019-05-19T17:42:49","slug":"temoignages","status":"publish","type":"page","link":"https:\/\/fgbmfi-burkina.org\/index.php\/temoignages\/","title":{"rendered":"GALERIE PHOTOS"},"content":{"rendered":"\n<h4 class=\"wp-block-heading\" style=\"text-align:center\">R\u00c9UNION DE LA COORDINATION OUEST AFRICAINE FRANCOPHONE AU BURKINA FASO<\/h4>\n\n\n\n<p style=\"text-align:center\">OUAGADOUGOU, LES 25 ET 26 AVRIL 2019<\/p>\n\n\n\n<ul class=\"wp-block-gallery columns-3 is-cropped wp-block-gallery-1 is-layout-flex wp-block-gallery-is-layout-flex\"><li class=\"blocks-gallery-item\"><figure><img fetchpriority=\"high\" decoding=\"async\" width=\"683\" height=\"1024\" src=\"http:\/\/fgbmfi-burkina.org\/wp-content\/uploads\/2019\/05\/1-683x1024.jpg\" alt=\"\" data-id=\"970\" data-link=\"http:\/\/fgbmfi-burkina.org\/index.php\/temoignages\/attachment\/1\/\" class=\"wp-image-970\" srcset=\"https:\/\/fgbmfi-burkina.org\/wp-content\/uploads\/2019\/05\/1-683x1024.jpg 683w, https:\/\/fgbmfi-burkina.org\/wp-content\/uploads\/2019\/05\/1-600x900.jpg 600w, https:\/\/fgbmfi-burkina.org\/wp-content\/uploads\/2019\/05\/1-200x300.jpg 200w, https:\/\/fgbmfi-burkina.org\/wp-content\/uploads\/2019\/05\/1-768x1152.jpg 768w, https:\/\/fgbmfi-burkina.org\/wp-content\/uploads\/2019\/05\/1.jpg 800w\" sizes=\"(max-width: 683px) 100vw, 683px\" \/><figcaption>Le Directeur Internetional Zala Formouz\u00e8r\u00e8 Adama, Pr\u00e9sident National CIHAP Burkina, \u00e0 l&rsquo;ouverture du Diner de cloture<\/figcaption><\/figure><\/li><li class=\"blocks-gallery-item\"><figure><img decoding=\"async\" width=\"1024\" height=\"683\" src=\"http:\/\/fgbmfi-burkina.org\/wp-content\/uploads\/2019\/05\/2-1024x683.jpg\" alt=\"\" data-id=\"971\" data-link=\"http:\/\/fgbmfi-burkina.org\/index.php\/temoignages\/attachment\/2\/\" class=\"wp-image-971\" srcset=\"https:\/\/fgbmfi-burkina.org\/wp-content\/uploads\/2019\/05\/2-1024x683.jpg 1024w, https:\/\/fgbmfi-burkina.org\/wp-content\/uploads\/2019\/05\/2-600x400.jpg 600w, https:\/\/fgbmfi-burkina.org\/wp-content\/uploads\/2019\/05\/2-300x200.jpg 300w, https:\/\/fgbmfi-burkina.org\/wp-content\/uploads\/2019\/05\/2-768x512.jpg 768w, https:\/\/fgbmfi-burkina.org\/wp-content\/uploads\/2019\/05\/2-375x250.jpg 375w, https:\/\/fgbmfi-burkina.org\/wp-content\/uploads\/2019\/05\/2-233x156.jpg 233w, https:\/\/fgbmfi-burkina.org\/wp-content\/uploads\/2019\/05\/2-380x252.jpg 380w, https:\/\/fgbmfi-burkina.org\/wp-content\/uploads\/2019\/05\/2.jpg 1200w\" sizes=\"(max-width: 1024px) 100vw, 1024px\" \/><figcaption>FORMATION DES MEMBRES A L&rsquo;HOTEL AMISO<\/figcaption><\/figure><\/li><li class=\"blocks-gallery-item\"><figure><img decoding=\"async\" width=\"1200\" height=\"800\" src=\"http:\/\/fgbmfi-burkina.org\/wp-content\/uploads\/2019\/05\/3-1024x683.jpg\" alt=\"\" data-id=\"972\" data-link=\"http:\/\/fgbmfi-burkina.org\/index.php\/temoignages\/attachment\/3\/\" class=\"wp-image-972\" srcset=\"https:\/\/fgbmfi-burkina.org\/wp-content\/uploads\/2019\/05\/3-1024x683.jpg 1024w, https:\/\/fgbmfi-burkina.org\/wp-content\/uploads\/2019\/05\/3-600x400.jpg 600w, https:\/\/fgbmfi-burkina.org\/wp-content\/uploads\/2019\/05\/3-300x200.jpg 300w, https:\/\/fgbmfi-burkina.org\/wp-content\/uploads\/2019\/05\/3-768x512.jpg 768w, https:\/\/fgbmfi-burkina.org\/wp-content\/uploads\/2019\/05\/3-375x250.jpg 375w, https:\/\/fgbmfi-burkina.org\/wp-content\/uploads\/2019\/05\/3-233x156.jpg 233w, https:\/\/fgbmfi-burkina.org\/wp-content\/uploads\/2019\/05\/3-380x252.jpg 380w, https:\/\/fgbmfi-burkina.org\/wp-content\/uploads\/2019\/05\/3.jpg 1200w\" sizes=\"(max-width: 1200px) 100vw, 1200px\" \/><figcaption> <br>FORMATION DES MEMBRES A L&rsquo;HOTEL AMISO <\/figcaption><\/figure><\/li><li class=\"blocks-gallery-item\"><figure><img decoding=\"async\" src=\"http:\/\/fgbmfi-burkina.org\/wp-content\/uploads\/2019\/05\/4-1024x683.jpg\" alt=\"\" data-id=\"973\" data-link=\"http:\/\/fgbmfi-burkina.org\/index.php\/temoignages\/attachment\/4\/\" class=\"wp-image-973\"\/><figcaption> <br>FORMATION DES MEMBRES A L&rsquo;HOTEL AMISO  ORATEUR LE DIRECTEUR INTERNATIONAL ODUSHINA David<\/figcaption><\/figure><\/li><li class=\"blocks-gallery-item\"><figure><img loading=\"lazy\" decoding=\"async\" width=\"1024\" height=\"683\" src=\"http:\/\/fgbmfi-burkina.org\/wp-content\/uploads\/2019\/05\/5-1024x683.jpg\" alt=\"\" data-id=\"974\" data-link=\"http:\/\/fgbmfi-burkina.org\/index.php\/temoignages\/attachment\/5\/\" class=\"wp-image-974\" srcset=\"https:\/\/fgbmfi-burkina.org\/wp-content\/uploads\/2019\/05\/5-1024x683.jpg 1024w, https:\/\/fgbmfi-burkina.org\/wp-content\/uploads\/2019\/05\/5-600x400.jpg 600w, https:\/\/fgbmfi-burkina.org\/wp-content\/uploads\/2019\/05\/5-300x200.jpg 300w, https:\/\/fgbmfi-burkina.org\/wp-content\/uploads\/2019\/05\/5-768x512.jpg 768w, https:\/\/fgbmfi-burkina.org\/wp-content\/uploads\/2019\/05\/5-375x250.jpg 375w, https:\/\/fgbmfi-burkina.org\/wp-content\/uploads\/2019\/05\/5-233x156.jpg 233w, https:\/\/fgbmfi-burkina.org\/wp-content\/uploads\/2019\/05\/5-380x252.jpg 380w, https:\/\/fgbmfi-burkina.org\/wp-content\/uploads\/2019\/05\/5.jpg 1200w\" sizes=\"(max-width: 1024px) 100vw, 1024px\" \/><figcaption> <br>FORMATION DES MEMBRES A L&rsquo;HOTEL AMISO <\/figcaption><\/figure><\/li><li class=\"blocks-gallery-item\"><figure><img loading=\"lazy\" decoding=\"async\" width=\"1024\" height=\"683\" src=\"http:\/\/fgbmfi-burkina.org\/wp-content\/uploads\/2019\/05\/6-1024x683.jpg\" alt=\"\" data-id=\"975\" data-link=\"http:\/\/fgbmfi-burkina.org\/index.php\/temoignages\/attachment\/6\/\" class=\"wp-image-975\" srcset=\"https:\/\/fgbmfi-burkina.org\/wp-content\/uploads\/2019\/05\/6-1024x683.jpg 1024w, https:\/\/fgbmfi-burkina.org\/wp-content\/uploads\/2019\/05\/6-600x400.jpg 600w, https:\/\/fgbmfi-burkina.org\/wp-content\/uploads\/2019\/05\/6-300x200.jpg 300w, https:\/\/fgbmfi-burkina.org\/wp-content\/uploads\/2019\/05\/6-768x512.jpg 768w, https:\/\/fgbmfi-burkina.org\/wp-content\/uploads\/2019\/05\/6-375x250.jpg 375w, https:\/\/fgbmfi-burkina.org\/wp-content\/uploads\/2019\/05\/6-233x156.jpg 233w, https:\/\/fgbmfi-burkina.org\/wp-content\/uploads\/2019\/05\/6-380x252.jpg 380w, https:\/\/fgbmfi-burkina.org\/wp-content\/uploads\/2019\/05\/6.jpg 1200w\" sizes=\"(max-width: 1024px) 100vw, 1024px\" \/><figcaption>Photo de famille Cordination ouest Africaine <\/figcaption><\/figure><\/li><li class=\"blocks-gallery-item\"><figure><img loading=\"lazy\" decoding=\"async\" width=\"1024\" height=\"683\" src=\"http:\/\/fgbmfi-burkina.org\/wp-content\/uploads\/2019\/05\/7-1024x683.jpg\" alt=\"\" data-id=\"976\" data-link=\"http:\/\/fgbmfi-burkina.org\/index.php\/temoignages\/attachment\/7\/\" class=\"wp-image-976\" srcset=\"https:\/\/fgbmfi-burkina.org\/wp-content\/uploads\/2019\/05\/7-1024x683.jpg 1024w, https:\/\/fgbmfi-burkina.org\/wp-content\/uploads\/2019\/05\/7-600x400.jpg 600w, https:\/\/fgbmfi-burkina.org\/wp-content\/uploads\/2019\/05\/7-300x200.jpg 300w, https:\/\/fgbmfi-burkina.org\/wp-content\/uploads\/2019\/05\/7-768x512.jpg 768w, https:\/\/fgbmfi-burkina.org\/wp-content\/uploads\/2019\/05\/7-375x250.jpg 375w, https:\/\/fgbmfi-burkina.org\/wp-content\/uploads\/2019\/05\/7-233x156.jpg 233w, https:\/\/fgbmfi-burkina.org\/wp-content\/uploads\/2019\/05\/7-380x252.jpg 380w, https:\/\/fgbmfi-burkina.org\/wp-content\/uploads\/2019\/05\/7.jpg 1200w\" sizes=\"(max-width: 1024px) 100vw, 1024px\" \/><figcaption> <br>R\u00e9union de la coordination  : un temps de pri\u00e8res<\/figcaption><\/figure><\/li><li class=\"blocks-gallery-item\"><figure><img loading=\"lazy\" decoding=\"async\" width=\"1024\" height=\"683\" src=\"http:\/\/fgbmfi-burkina.org\/wp-content\/uploads\/2019\/05\/8-1024x683.jpg\" alt=\"\" data-id=\"977\" data-link=\"http:\/\/fgbmfi-burkina.org\/index.php\/temoignages\/attachment\/8\/\" class=\"wp-image-977\" srcset=\"https:\/\/fgbmfi-burkina.org\/wp-content\/uploads\/2019\/05\/8-1024x683.jpg 1024w, https:\/\/fgbmfi-burkina.org\/wp-content\/uploads\/2019\/05\/8-600x400.jpg 600w, https:\/\/fgbmfi-burkina.org\/wp-content\/uploads\/2019\/05\/8-300x200.jpg 300w, https:\/\/fgbmfi-burkina.org\/wp-content\/uploads\/2019\/05\/8-768x512.jpg 768w, https:\/\/fgbmfi-burkina.org\/wp-content\/uploads\/2019\/05\/8-375x250.jpg 375w, https:\/\/fgbmfi-burkina.org\/wp-content\/uploads\/2019\/05\/8-233x156.jpg 233w, https:\/\/fgbmfi-burkina.org\/wp-content\/uploads\/2019\/05\/8-380x252.jpg 380w, https:\/\/fgbmfi-burkina.org\/wp-content\/uploads\/2019\/05\/8.jpg 1200w\" sizes=\"(max-width: 1024px) 100vw, 1024px\" \/><figcaption> <br>R\u00e9union de la coordination  <\/figcaption><\/figure><\/li><li class=\"blocks-gallery-item\"><figure><img loading=\"lazy\" decoding=\"async\" width=\"1024\" height=\"683\" src=\"http:\/\/fgbmfi-burkina.org\/wp-content\/uploads\/2019\/05\/9-1024x683.jpg\" alt=\"\" data-id=\"978\" data-link=\"http:\/\/fgbmfi-burkina.org\/index.php\/temoignages\/attachment\/9\/\" class=\"wp-image-978\" srcset=\"https:\/\/fgbmfi-burkina.org\/wp-content\/uploads\/2019\/05\/9-1024x683.jpg 1024w, https:\/\/fgbmfi-burkina.org\/wp-content\/uploads\/2019\/05\/9-600x400.jpg 600w, https:\/\/fgbmfi-burkina.org\/wp-content\/uploads\/2019\/05\/9-300x200.jpg 300w, https:\/\/fgbmfi-burkina.org\/wp-content\/uploads\/2019\/05\/9-768x512.jpg 768w, https:\/\/fgbmfi-burkina.org\/wp-content\/uploads\/2019\/05\/9-375x250.jpg 375w, https:\/\/fgbmfi-burkina.org\/wp-content\/uploads\/2019\/05\/9-233x156.jpg 233w, https:\/\/fgbmfi-burkina.org\/wp-content\/uploads\/2019\/05\/9-380x252.jpg 380w, https:\/\/fgbmfi-burkina.org\/wp-content\/uploads\/2019\/05\/9.jpg 1200w\" sizes=\"(max-width: 1024px) 100vw, 1024px\" \/><figcaption>R\u00e9union de la coordination <\/figcaption><\/figure><\/li><li class=\"blocks-gallery-item\"><figure><img decoding=\"async\" src=\"http:\/\/fgbmfi-burkina.org\/wp-content\/uploads\/2019\/05\/10-1024x683.jpg\" alt=\"\" data-id=\"979\" data-link=\"http:\/\/fgbmfi-burkina.org\/index.php\/temoignages\/attachment\/10\/\" class=\"wp-image-979\"\/><figcaption>Jeudi 24 Avril, accueil et diner des delegations<\/figcaption><\/figure><\/li><li class=\"blocks-gallery-item\"><figure><img loading=\"lazy\" decoding=\"async\" width=\"1024\" height=\"683\" src=\"http:\/\/fgbmfi-burkina.org\/wp-content\/uploads\/2019\/05\/11-1024x683.jpg\" alt=\"\" data-id=\"980\" data-link=\"http:\/\/fgbmfi-burkina.org\/index.php\/temoignages\/attachment\/11\/\" class=\"wp-image-980\" srcset=\"https:\/\/fgbmfi-burkina.org\/wp-content\/uploads\/2019\/05\/11-1024x683.jpg 1024w, https:\/\/fgbmfi-burkina.org\/wp-content\/uploads\/2019\/05\/11-600x400.jpg 600w, https:\/\/fgbmfi-burkina.org\/wp-content\/uploads\/2019\/05\/11-300x200.jpg 300w, https:\/\/fgbmfi-burkina.org\/wp-content\/uploads\/2019\/05\/11-768x512.jpg 768w, https:\/\/fgbmfi-burkina.org\/wp-content\/uploads\/2019\/05\/11-375x250.jpg 375w, https:\/\/fgbmfi-burkina.org\/wp-content\/uploads\/2019\/05\/11-233x156.jpg 233w, https:\/\/fgbmfi-burkina.org\/wp-content\/uploads\/2019\/05\/11-380x252.jpg 380w, https:\/\/fgbmfi-burkina.org\/wp-content\/uploads\/2019\/05\/11.jpg 1200w\" sizes=\"(max-width: 1024px) 100vw, 1024px\" \/><figcaption> <br>R\u00e9union de la coordination  <\/figcaption><\/figure><\/li><li class=\"blocks-gallery-item\"><figure><img loading=\"lazy\" decoding=\"async\" width=\"1024\" height=\"683\" src=\"http:\/\/fgbmfi-burkina.org\/wp-content\/uploads\/2019\/05\/12-1024x683.jpg\" alt=\"\" data-id=\"981\" data-link=\"http:\/\/fgbmfi-burkina.org\/index.php\/temoignages\/attachment\/12\/\" class=\"wp-image-981\" srcset=\"https:\/\/fgbmfi-burkina.org\/wp-content\/uploads\/2019\/05\/12-1024x683.jpg 1024w, https:\/\/fgbmfi-burkina.org\/wp-content\/uploads\/2019\/05\/12-600x400.jpg 600w, https:\/\/fgbmfi-burkina.org\/wp-content\/uploads\/2019\/05\/12-300x200.jpg 300w, https:\/\/fgbmfi-burkina.org\/wp-content\/uploads\/2019\/05\/12-768x512.jpg 768w, https:\/\/fgbmfi-burkina.org\/wp-content\/uploads\/2019\/05\/12-375x250.jpg 375w, https:\/\/fgbmfi-burkina.org\/wp-content\/uploads\/2019\/05\/12-233x156.jpg 233w, https:\/\/fgbmfi-burkina.org\/wp-content\/uploads\/2019\/05\/12-380x252.jpg 380w, https:\/\/fgbmfi-burkina.org\/wp-content\/uploads\/2019\/05\/12.jpg 1200w\" sizes=\"(max-width: 1024px) 100vw, 1024px\" \/><figcaption>D\u00eener de cl\u00f4ture de la R\u00e9union de Cordination<\/figcaption><\/figure><\/li><\/ul>\n","protected":false},"excerpt":{"rendered":"<p>R\u00c9UNION DE LA COORDINATION OUEST AFRICAINE FRANCOPHONE AU BURKINA FASO OUAGADOUGOU, LES 25 ET 26 AVRIL 2019<\/p>\n","protected":false},"author":1,"featured_media":968,"parent":0,"menu_order":0,"comment_status":"closed","ping_status":"closed","template":"elementor_header_footer","meta":{"footnotes":""},"class_list":["post-76","page","type-page","status-publish","has-post-thumbnail","hentry","alt-left"],"_links":{"self":[{"href":"https:\/\/fgbmfi-burkina.org\/index.php\/wp-json\/wp\/v2\/pages\/76","targetHints":{"allow":["GET"]}}],"collection":[{"href":"https:\/\/fgbmfi-burkina.org\/index.php\/wp-json\/wp\/v2\/pages"}],"about":[{"href":"https:\/\/fgbmfi-burkina.org\/index.php\/wp-json\/wp\/v2\/types\/page"}],"author":[{"embeddable":true,"href":"https:\/\/fgbmfi-burkina.org\/index.php\/wp-json\/wp\/v2\/users\/1"}],"replies":[{"embeddable":true,"href":"https:\/\/fgbmfi-burkina.org\/index.php\/wp-json\/wp\/v2\/comments?post=76"}],"version-history":[{"count":12,"href":"https:\/\/fgbmfi-burkina.org\/index.php\/wp-json\/wp\/v2\/pages\/76\/revisions"}],"predecessor-version":[{"id":990,"href":"https:\/\/fgbmfi-burkina.org\/index.php\/wp-json\/wp\/v2\/pages\/76\/revisions\/990"}],"wp:featuredmedia":[{"embeddable":true,"href":"https:\/\/fgbmfi-burkina.org\/index.php\/wp-json\/wp\/v2\/media\/968"}],"wp:attachment":[{"href":"https:\/\/fgbmfi-burkina.org\/index.php\/wp-json\/wp\/v2\/media?parent=76"}],"curies":[{"name":"wp","href":"https:\/\/api.w.org\/{rel}","templated":true}]}}