{"id":697,"date":"2017-06-21T04:04:02","date_gmt":"2017-06-21T02:04:02","guid":{"rendered":"http:\/\/fgbmfi-burkina.org\/?page_id=697"},"modified":"2017-06-23T02:08:31","modified_gmt":"2017-06-23T00:08:31","slug":"nos-valeurs","status":"publish","type":"page","link":"https:\/\/fgbmfi-burkina.org\/index.php\/nos-valeurs\/","title":{"rendered":"Nos valeurs"},"content":{"rendered":"<div class=\"et_pb_section et_section_regular first-section\">\n<div class=\"et_pb_row\">\n<div class=\"et_pb_column et_pb_column_4_4\">\n<div class=\"et_pb_text et_pb_bg_layout_light et_pb_text_align_left\">\n<p>La Communaut\u00e9 Internationale des Hommes d&rsquo;Affaires du Plein \u00c9vangile est fond\u00e9e sur un certain nombre de valeurs.<\/p>\n<\/div>\n<\/div>\n<\/div>\n<\/div>\n<div class=\"et_pb_section et_section_regular\">\n<div class=\"et_pb_row\">\n<div class=\"et_pb_column et_pb_column_4_4\">\n<div class=\"et_pb_text et_pb_bg_layout_light et_pb_text_align_left\">\n<h2 class=\"titre_section\">Nous sommes de chr\u00e9tiens, n\u00e9s de nouveau<\/h2>\n<p>Membres de toutes confessions chr\u00e9tiennes et recherchant la communion fraternelle, nous nous soumettons les uns aux autres, comme J\u00e9sus l\u2019a enseign\u00e9 \u00e0 ses disciples.<\/p>\n<\/div>\n<\/div>\n<\/div>\n<\/div>\n<div class=\"et_pb_section et_section_regular\">\n<div class=\"et_pb_row\">\n<div class=\"et_pb_column et_pb_column_4_4\">\n<div class=\"et_pb_text et_pb_bg_layout_light et_pb_text_align_left\">\n<h2 class=\"titre_section\">Nous sommes des t\u00e9moins<\/h2>\n<p>Nous souhaitons partager les exp\u00e9riences que nous vivons avec Dieu dans notre quotidien, qu\u2019il soit professionnel, familial, religieux, etc. Pour cela, nous organisons des rencontres sous diff\u00e9rentes formes (petits d\u00e9jeuners, repas, collations) et des conventions. Nous \u00e9ditons aussi une revue VOIX qui reprend ces t\u00e9moignages.<\/p>\n<\/div>\n<\/div>\n<\/div>\n<\/div>\n<div class=\"et_pb_section et_section_regular\">\n<div class=\"et_pb_row\">\n<div class=\"et_pb_column et_pb_column_4_4\">\n<div class=\"et_pb_text et_pb_bg_layout_light et_pb_text_align_left\">\n<h2 class=\"titre_section\">Nous aimons les familles<\/h2>\n<p>C\u2019est pourquoi nous demandons que l\u2019engagement d\u2019un membre mari\u00e9 ne se fasse pas sans l\u2019accord et l\u2019adh\u00e9sion de son \u00e9pouse. Il est important que le couple \u2013 voire leurs enfants \u2013 soit engag\u00e9 dans la vie interne du groupe local et qu\u2019il participe \u00e0 ses activit\u00e9s, tout en veillant au bon \u00e9quilibre du temps \u00e0 consacrer \u00e0 la famille et particuli\u00e8rement aux enfants.<\/p>\n<\/div>\n<\/div>\n<\/div>\n<\/div>\n<div class=\"et_pb_section et_section_regular\">\n<div class=\"et_pb_row\">\n<div class=\"et_pb_column et_pb_column_4_4\">\n<div class=\"et_pb_text et_pb_bg_layout_light et_pb_text_align_left\">\n<h2 class=\"titre_section\">Nos membres appartiennent \u00e0 diff\u00e9rentes \u00e9glises<\/h2>\n<p>Nous ne sommes pas une \u00e9glise et n\u2019administrons pas de sacrements. Les membres sont invit\u00e9s \u00e0 demeurer dans leurs \u00e9glises respectives et \u00e0 s\u2019y montrer actifs. Les membres respectent leurs diff\u00e9rentes appartenances eccl\u00e9siales et leurs composantes respectives. Ils s\u2019interdisent tout pros\u00e9lytisme les uns vis-\u00e0-vis des autres dans le cadre de leur activit\u00e9 dans la Communaut\u00e9.<\/p>\n<\/div>\n<\/div>\n<\/div>\n<\/div>\n<div class=\"et_pb_section et_section_regular\">\n<div class=\"et_pb_row\">\n<div class=\"et_pb_column et_pb_column_4_4\">\n<div class=\"et_pb_text et_pb_bg_layout_light et_pb_text_align_left\">\n<h2 class=\"titre_section\">Nous sommes une association internationale<\/h2>\n<p><strong>Nous sommes le plus grand r\u00e9seau mondial d\u2019hommes d\u2019affaires\u00a0chr\u00e9tiens<\/strong>.<\/p>\n<\/div>\n<\/div>\n<\/div>\n<\/div>\n","protected":false},"excerpt":{"rendered":"<p>La Communaut\u00e9 Internationale des Hommes d&rsquo;Affaires du Plein \u00c9vangile est fond\u00e9e sur un certain nombre de valeurs. Nous sommes de chr\u00e9tiens, n\u00e9s de nouveau Membres de toutes confessions chr\u00e9tiennes et recherchant la communion fraternelle, nous nous soumettons les uns aux autres, comme J\u00e9sus l\u2019a enseign\u00e9 \u00e0 ses disciples. Nous sommes des t\u00e9moins Nous souhaitons partager les exp\u00e9riences que nous vivons avec Dieu dans notre quotidien, qu\u2019il soit professionnel, familial, religieux, etc. Pour cela, nous organisons des rencontres sous diff\u00e9rentes formes (petits d\u00e9jeuners, repas, collations) et des conventions. Nous \u00e9ditons aussi une revue VOIX qui reprend ces t\u00e9moignages. Nous aimons les&#8230;<\/p>\n","protected":false},"author":1,"featured_media":0,"parent":0,"menu_order":0,"comment_status":"closed","ping_status":"closed","template":"","meta":{"footnotes":""},"class_list":["post-697","page","type-page","status-publish","hentry","alt-left"],"_links":{"self":[{"href":"https:\/\/fgbmfi-burkina.org\/index.php\/wp-json\/wp\/v2\/pages\/697","targetHints":{"allow":["GET"]}}],"collection":[{"href":"https:\/\/fgbmfi-burkina.org\/index.php\/wp-json\/wp\/v2\/pages"}],"about":[{"href":"https:\/\/fgbmfi-burkina.org\/index.php\/wp-json\/wp\/v2\/types\/page"}],"author":[{"embeddable":true,"href":"https:\/\/fgbmfi-burkina.org\/index.php\/wp-json\/wp\/v2\/users\/1"}],"replies":[{"embeddable":true,"href":"https:\/\/fgbmfi-burkina.org\/index.php\/wp-json\/wp\/v2\/comments?post=697"}],"version-history":[{"count":4,"href":"https:\/\/fgbmfi-burkina.org\/index.php\/wp-json\/wp\/v2\/pages\/697\/revisions"}],"predecessor-version":[{"id":725,"href":"https:\/\/fgbmfi-burkina.org\/index.php\/wp-json\/wp\/v2\/pages\/697\/revisions\/725"}],"wp:attachment":[{"href":"https:\/\/fgbmfi-burkina.org\/index.php\/wp-json\/wp\/v2\/media?parent=697"}],"curies":[{"name":"wp","href":"https:\/\/api.w.org\/{rel}","templated":true}]}}