{"id":16,"date":"2017-05-23T15:37:07","date_gmt":"2017-05-23T13:37:07","guid":{"rendered":"http:\/\/fgbmfi-burkina.org\/?page_id=16"},"modified":"2025-05-30T18:44:33","modified_gmt":"2025-05-30T17:44:33","slug":"qui-sommes-nous","status":"publish","type":"page","link":"https:\/\/fgbmfi-burkina.org\/","title":{"rendered":"Qui Sommes-nous"},"content":{"rendered":"\t\t<div data-elementor-type=\"wp-page\" data-elementor-id=\"16\" class=\"elementor elementor-16\">\n\t\t\t\t\t\t<section class=\"elementor-section elementor-top-section elementor-element elementor-element-636d3f0f elementor-section-boxed elementor-section-height-default elementor-section-height-default\" data-id=\"636d3f0f\" data-element_type=\"section\" data-e-type=\"section\">\n\t\t\t\t\t\t<div class=\"elementor-container elementor-column-gap-default\">\n\t\t\t\t\t<div class=\"elementor-column elementor-col-100 elementor-top-column elementor-element elementor-element-61c08bac\" data-id=\"61c08bac\" data-element_type=\"column\" data-e-type=\"column\">\n\t\t\t<div class=\"elementor-widget-wrap elementor-element-populated\">\n\t\t\t\t\t\t<div class=\"elementor-element elementor-element-353f268b elementor-widget elementor-widget-text-editor\" data-id=\"353f268b\" data-element_type=\"widget\" data-e-type=\"widget\" data-widget_type=\"text-editor.default\">\n\t\t\t\t<div class=\"elementor-widget-container\">\n\t\t\t\t\t\t\t\t\t<p><img fetchpriority=\"high\" decoding=\"async\" class=\" wp-image-707 alignleft\" src=\"http:\/\/fgbmfi-burkina.org\/wp-content\/uploads\/2017\/05\/DSC2615-300x199.jpg\" alt=\"\" width=\"379\" height=\"252\" srcset=\"https:\/\/fgbmfi-burkina.org\/wp-content\/uploads\/2017\/05\/DSC2615-300x199.jpg 300w, https:\/\/fgbmfi-burkina.org\/wp-content\/uploads\/2017\/05\/DSC2615-600x397.jpg 600w, https:\/\/fgbmfi-burkina.org\/wp-content\/uploads\/2017\/05\/DSC2615-768x509.jpg 768w, https:\/\/fgbmfi-burkina.org\/wp-content\/uploads\/2017\/05\/DSC2615-1024x678.jpg 1024w\" sizes=\"(max-width: 379px) 100vw, 379px\" \/><strong>Nous sommes le plus grand r\u00e9seau mondial d\u2019hommes d\u2019affaires\u00a0chr\u00e9tiens. Des hommes pr\u00eats \u00e0 s\u2019engager \u00e0 l\u2019accomplissement de la\u00a0grande commission. Nous ne sommes pas une \u00e9glise ni commandit\u00e9s par\u00a0une \u00e9glise. Nos membres viennent de tous les niveaux sociaux et de plusieurs d\u00e9nominations. Le\u00a0Full Gospel Business Men\u2019s Fellowship International (FGBMFI) \u2013 en fran\u00e7ais <em>Communaut\u00e9 internationale des hommes d\u2019affaires du plein \u00e9vangile \u2013\u00a0<\/em>a pris naissance en 1951 avec un petit chapitre \u00e0 Los Angeles, en Californie. La communaut\u00e9 a grandi rapidement et, est devenue un organisme mondial, \u00e9tant pr\u00e9sente dans plus de 160 pays sur les cinq continents.<\/strong><\/p>\t\t\t\t\t\t\t\t<\/div>\n\t\t\t\t<\/div>\n\t\t\t\t\t<\/div>\n\t\t<\/div>\n\t\t\t\t\t<\/div>\n\t\t<\/section>\n\t\t\t\t<section class=\"elementor-section elementor-top-section elementor-element elementor-element-517217c elementor-section-boxed elementor-section-height-default elementor-section-height-default\" data-id=\"517217c\" data-element_type=\"section\" data-e-type=\"section\">\n\t\t\t\t\t\t<div class=\"elementor-container elementor-column-gap-default\">\n\t\t\t\t\t<div class=\"elementor-column elementor-col-100 elementor-top-column elementor-element elementor-element-40eea88\" data-id=\"40eea88\" data-element_type=\"column\" data-e-type=\"column\">\n\t\t\t<div class=\"elementor-widget-wrap elementor-element-populated\">\n\t\t\t\t\t\t<div class=\"elementor-element elementor-element-16dadb5 elementor-widget elementor-widget-image\" data-id=\"16dadb5\" data-element_type=\"widget\" data-e-type=\"widget\" data-widget_type=\"image.default\">\n\t\t\t\t<div class=\"elementor-widget-container\">\n\t\t\t\t\t\t\t\t\t\t\t\t\t\t\t<img decoding=\"async\" width=\"640\" height=\"442\" src=\"https:\/\/fgbmfi-burkina.org\/wp-content\/uploads\/2025\/05\/15eCN-1024x707.jpg\" class=\"attachment-large size-large wp-image-1660\" alt=\"\" srcset=\"https:\/\/fgbmfi-burkina.org\/wp-content\/uploads\/2025\/05\/15eCN-1024x707.jpg 1024w, https:\/\/fgbmfi-burkina.org\/wp-content\/uploads\/2025\/05\/15eCN-300x207.jpg 300w, https:\/\/fgbmfi-burkina.org\/wp-content\/uploads\/2025\/05\/15eCN-768x530.jpg 768w, https:\/\/fgbmfi-burkina.org\/wp-content\/uploads\/2025\/05\/15eCN-1536x1060.jpg 1536w, https:\/\/fgbmfi-burkina.org\/wp-content\/uploads\/2025\/05\/15eCN-600x414.jpg 600w, https:\/\/fgbmfi-burkina.org\/wp-content\/uploads\/2025\/05\/15eCN.jpg 1569w\" sizes=\"(max-width: 640px) 100vw, 640px\" \/>\t\t\t\t\t\t\t\t\t\t\t\t\t\t\t<\/div>\n\t\t\t\t<\/div>\n\t\t\t\t\t<\/div>\n\t\t<\/div>\n\t\t\t\t\t<\/div>\n\t\t<\/section>\n\t\t\t\t<section class=\"elementor-section elementor-top-section elementor-element elementor-element-6e1d48e elementor-section-boxed elementor-section-height-default elementor-section-height-default\" data-id=\"6e1d48e\" data-element_type=\"section\" data-e-type=\"section\">\n\t\t\t\t\t\t<div class=\"elementor-container elementor-column-gap-default\">\n\t\t\t\t\t<div class=\"elementor-column elementor-col-100 elementor-top-column elementor-element elementor-element-5f88283\" data-id=\"5f88283\" data-element_type=\"column\" data-e-type=\"column\">\n\t\t\t<div class=\"elementor-widget-wrap elementor-element-populated\">\n\t\t\t\t\t\t<div class=\"elementor-element elementor-element-51c271a elementor-widget elementor-widget-text-editor\" data-id=\"51c271a\" data-element_type=\"widget\" data-e-type=\"widget\" data-widget_type=\"text-editor.default\">\n\t\t\t\t<div class=\"elementor-widget-container\">\n\t\t\t\t\t\t\t\t\t<h2>\u00c0 propos de L\u2019\u00e9v\u00e9nement<\/h2><p>La 15\u1d49 Convention Nationale de la Communaut\u00e9 Internationale des Hommes d\u2019Affaires du Plein \u00c9vangile (CIHPE) se tiendra du 31 juillet au 02 ao\u00fbt 2025, sur le site du SIAO \u00e0 Ouagadougou, sous le th\u00e8me inspirant : \u00ab Soyez \u00e9tablis\u2026 \u00bb (Jean 15 : 16). Cette grande rencontre annuelle est un moment fort de communion, de transformation spirituelle et de renforcement des capacit\u00e9s pour les hommes et femmes du monde des affaires. Elle vise \u00e0 inspirer, \u00e9quiper et \u00e9tablir les participants afin qu\u2019ils portent du fruit, tant sur le plan spirituel que professionnel. R\u00e9unissant des membres venus de toutes les r\u00e9gions du Burkina Faso et d\u2019autres nations, cette \u00e9dition proposera une diversit\u00e9 de sessions enrichissantes. Plus qu\u2019un simple rassemblement, cette convention est une plateforme d\u2019\u00e9changes, d\u2019impulsion spirituelle et de croissance mutuelle. Elle vise \u00e9galement \u00e0 toucher des vies : avec un objectif de 3 000 participants et 500 conversions, cette \u00e9dition s\u2019annonce comme une moisson abondante pour le Royaume<\/p>\t\t\t\t\t\t\t\t<\/div>\n\t\t\t\t<\/div>\n\t\t\t\t\t<\/div>\n\t\t<\/div>\n\t\t\t\t\t<\/div>\n\t\t<\/section>\n\t\t\t\t<section class=\"elementor-section elementor-top-section elementor-element elementor-element-968eb0f elementor-section-boxed elementor-section-height-default elementor-section-height-default\" data-id=\"968eb0f\" data-element_type=\"section\" data-e-type=\"section\">\n\t\t\t\t\t\t<div class=\"elementor-container elementor-column-gap-default\">\n\t\t\t\t\t<div class=\"elementor-column elementor-col-100 elementor-top-column elementor-element elementor-element-4a0ec30\" data-id=\"4a0ec30\" data-element_type=\"column\" data-e-type=\"column\">\n\t\t\t<div class=\"elementor-widget-wrap elementor-element-populated\">\n\t\t\t\t\t\t<div class=\"elementor-element elementor-element-d4973be elementor-button-info elementor-align-center elementor-widget elementor-widget-button\" data-id=\"d4973be\" data-element_type=\"widget\" data-e-type=\"widget\" data-widget_type=\"button.default\">\n\t\t\t\t<div class=\"elementor-widget-container\">\n\t\t\t\t\t\t\t\t\t<div class=\"elementor-button-wrapper\">\n\t\t\t\t\t<a class=\"elementor-button elementor-button-link elementor-size-sm\" href=\"https:\/\/conventionburkina.org\/\">\n\t\t\t\t\t\t<span class=\"elementor-button-content-wrapper\">\n\t\t\t\t\t\t\t\t\t<span class=\"elementor-button-text\">DECOUVREZ !<\/span>\n\t\t\t\t\t<\/span>\n\t\t\t\t\t<\/a>\n\t\t\t\t<\/div>\n\t\t\t\t\t\t\t\t<\/div>\n\t\t\t\t<\/div>\n\t\t\t\t\t<\/div>\n\t\t<\/div>\n\t\t\t\t\t<\/div>\n\t\t<\/section>\n\t\t\t\t<\/div>\n\t\t","protected":false},"excerpt":{"rendered":"<p>Nous sommes le plus grand r\u00e9seau mondial d\u2019hommes d\u2019affaires\u00a0chr\u00e9tiens. Des hommes pr\u00eats \u00e0 s\u2019engager \u00e0 l\u2019accomplissement de la\u00a0grande commission. Nous ne sommes pas une \u00e9glise ni commandit\u00e9s par\u00a0une \u00e9glise. Nos membres viennent de tous les niveaux sociaux et de plusieurs d\u00e9nominations. Le\u00a0Full Gospel Business Men\u2019s Fellowship International (FGBMFI) \u2013 en fran\u00e7ais Communaut\u00e9 internationale des hommes d\u2019affaires du plein \u00e9vangile \u2013\u00a0a pris naissance en 1951 avec un petit chapitre \u00e0 Los Angeles, en Californie. La communaut\u00e9 a grandi rapidement et, est devenue un organisme mondial, \u00e9tant pr\u00e9sente dans plus de 160 pays sur les cinq continents. \u00c0 propos de L\u2019\u00e9v\u00e9nement La&#8230;<\/p>\n","protected":false},"author":1,"featured_media":0,"parent":0,"menu_order":0,"comment_status":"closed","ping_status":"closed","template":"","meta":{"footnotes":""},"class_list":["post-16","page","type-page","status-publish","hentry","alt-left"],"_links":{"self":[{"href":"https:\/\/fgbmfi-burkina.org\/index.php\/wp-json\/wp\/v2\/pages\/16","targetHints":{"allow":["GET"]}}],"collection":[{"href":"https:\/\/fgbmfi-burkina.org\/index.php\/wp-json\/wp\/v2\/pages"}],"about":[{"href":"https:\/\/fgbmfi-burkina.org\/index.php\/wp-json\/wp\/v2\/types\/page"}],"author":[{"embeddable":true,"href":"https:\/\/fgbmfi-burkina.org\/index.php\/wp-json\/wp\/v2\/users\/1"}],"replies":[{"embeddable":true,"href":"https:\/\/fgbmfi-burkina.org\/index.php\/wp-json\/wp\/v2\/comments?post=16"}],"version-history":[{"count":25,"href":"https:\/\/fgbmfi-burkina.org\/index.php\/wp-json\/wp\/v2\/pages\/16\/revisions"}],"predecessor-version":[{"id":1682,"href":"https:\/\/fgbmfi-burkina.org\/index.php\/wp-json\/wp\/v2\/pages\/16\/revisions\/1682"}],"wp:attachment":[{"href":"https:\/\/fgbmfi-burkina.org\/index.php\/wp-json\/wp\/v2\/media?parent=16"}],"curies":[{"name":"wp","href":"https:\/\/api.w.org\/{rel}","templated":true}]}}