{"id":1505,"date":"2022-03-15T17:32:35","date_gmt":"2022-03-15T17:32:35","guid":{"rendered":"https:\/\/fgbmfi-burkina.org\/?page_id=1505"},"modified":"2022-03-23T14:46:20","modified_gmt":"2022-03-23T14:46:20","slug":"aacademie-des-gens-les-plus-heureux-sur-terre","status":"publish","type":"page","link":"https:\/\/fgbmfi-burkina.org\/index.php\/aacademie-des-gens-les-plus-heureux-sur-terre\/","title":{"rendered":"Acad\u00e9mie des gens les plus heureux sur terre"},"content":{"rendered":"\t\t<div data-elementor-type=\"wp-page\" data-elementor-id=\"1505\" class=\"elementor elementor-1505\">\n\t\t\t\t\t\t<section class=\"elementor-section elementor-top-section elementor-element elementor-element-c0a85d2 elementor-section-boxed elementor-section-height-default elementor-section-height-default\" data-id=\"c0a85d2\" data-element_type=\"section\" data-e-type=\"section\">\n\t\t\t\t\t\t<div class=\"elementor-container elementor-column-gap-default\">\n\t\t\t\t\t<div class=\"elementor-column elementor-col-50 elementor-top-column elementor-element elementor-element-1084d58\" data-id=\"1084d58\" data-element_type=\"column\" data-e-type=\"column\">\n\t\t\t<div class=\"elementor-widget-wrap elementor-element-populated\">\n\t\t\t\t\t\t<div class=\"elementor-element elementor-element-d626744 elementor-widget elementor-widget-text-editor\" data-id=\"d626744\" data-element_type=\"widget\" data-e-type=\"widget\" data-widget_type=\"text-editor.default\">\n\t\t\t\t<div class=\"elementor-widget-container\">\n\t\t\t\t\t\t\t\t\t<h1>PRESENTATION<\/h1>\n<p>L\u2019acad\u00e9mie des gens les plus heureux sur terre est un programme certifiant de trois modules dont le premier se d\u00e9roulera <b>le samedi 26 mars 2022 dans la salle des banquets de Ouaga 2000<\/b>.<\/p>\n<p>Les certifi\u00e9s de l\u2019acad\u00e9mie pourront b\u00e9n\u00e9ficier du financement de leurs projets ou plan d\u2019affaires avec l\u2019appui de la communaut\u00e9 des hommes d&rsquo;affaires du plein \u00e9vangile.<\/p>\n<h2><b>CONDITIONS DE PARTICIPATION<\/b><\/h2>\n<p>Toute personne d\u00e9sireuse de prendre part a l&rsquo;acad\u00e9mie peut s&rsquo;inscrire s&rsquo;acquitter de ses frais de participation qui s&rsquo;\u00e9l\u00e8vent \u00e0 10.000FCFA.<\/p>\n<p>L&rsquo;inscription se fait en ligne directement \u00e0 partir de cette page en remplissant le&nbsp;<a href=\"https:\/\/form.jotform.com\/220672077919564\" target=\"_blank\" rel=\"noopener\">formulaire d&rsquo;inscription ici<\/a>&nbsp;ou cliquer sur le lien d&rsquo;inscription ci-dessous:<\/p>\n<h1><a href=\"https:\/\/form.jotform.com\/220811898981569\">INSCRIPTION EN LIGNE <img decoding=\"async\" class=\"alignnone size-full wp-image-1572\" src=\"http:\/\/fgbmfi-burkina.org\/wp-content\/uploads\/2022\/03\/cliquez-ici.gif\" alt=\"\" width=\"152\" height=\"160\"><\/a><\/h1>\t\t\t\t\t\t\t\t<\/div>\n\t\t\t\t<\/div>\n\t\t\t\t\t<\/div>\n\t\t<\/div>\n\t\t\t\t<div class=\"elementor-column elementor-col-50 elementor-top-column elementor-element elementor-element-5cb1891\" data-id=\"5cb1891\" data-element_type=\"column\" data-e-type=\"column\">\n\t\t\t<div class=\"elementor-widget-wrap elementor-element-populated\">\n\t\t\t\t\t\t<div class=\"elementor-element elementor-element-720e379f elementor-widget elementor-widget-image\" data-id=\"720e379f\" data-element_type=\"widget\" data-e-type=\"widget\" data-settings=\"{&quot;_animation&quot;:&quot;none&quot;}\" data-widget_type=\"image.default\">\n\t\t\t\t<div class=\"elementor-widget-container\">\n\t\t\t\t\t\t\t\t\t\t\t\t\t\t\t<img decoding=\"async\" src=\"http:\/\/fgbmfi-burkina.org\/wp-content\/uploads\/2022\/03\/AFFICHE-ACADEMIE.jpeg\" title=\"\" alt=\"\" loading=\"lazy\" \/>\t\t\t\t\t\t\t\t\t\t\t\t\t\t\t<\/div>\n\t\t\t\t<\/div>\n\t\t\t\t\t<\/div>\n\t\t<\/div>\n\t\t\t\t\t<\/div>\n\t\t<\/section>\n\t\t\t\t<section class=\"elementor-section elementor-top-section elementor-element elementor-element-e6465c5 elementor-section-boxed elementor-section-height-default elementor-section-height-default\" data-id=\"e6465c5\" data-element_type=\"section\" data-e-type=\"section\">\n\t\t\t\t\t\t<div class=\"elementor-container elementor-column-gap-default\">\n\t\t\t\t\t<div class=\"elementor-column elementor-col-100 elementor-top-column elementor-element elementor-element-62d3ed5\" data-id=\"62d3ed5\" data-element_type=\"column\" data-e-type=\"column\">\n\t\t\t<div class=\"elementor-widget-wrap elementor-element-populated\">\n\t\t\t\t\t\t<div class=\"elementor-element elementor-element-3c119e1 elementor-widget elementor-widget-video\" data-id=\"3c119e1\" data-element_type=\"widget\" data-e-type=\"widget\" data-settings=\"{&quot;video_type&quot;:&quot;hosted&quot;,&quot;controls&quot;:&quot;yes&quot;}\" data-widget_type=\"video.default\">\n\t\t\t\t<div class=\"elementor-widget-container\">\n\t\t\t\t\t\t\t<div class=\"e-hosted-video elementor-wrapper elementor-open-inline\">\n\t\t\t\t\t<video class=\"elementor-video\" src=\"http:\/\/fgbmfi-burkina.org\/wp-content\/uploads\/2022\/03\/SPOT-LES-GENS-LES-PLUS-HEUREUX.mp4\" controls=\"\" preload=\"metadata\" controlsList=\"nodownload\"><\/video>\n\t\t\t\t<\/div>\n\t\t\t\t\t\t<\/div>\n\t\t\t\t<\/div>\n\t\t\t\t\t<\/div>\n\t\t<\/div>\n\t\t\t\t\t<\/div>\n\t\t<\/section>\n\t\t\t\t<\/div>\n\t\t","protected":false},"excerpt":{"rendered":"<p>PRESENTATION L\u2019acad\u00e9mie des gens les plus heureux sur terre est un programme certifiant de trois modules dont le premier se d\u00e9roulera le samedi 26 mars 2022 dans la salle des banquets de Ouaga 2000. Les certifi\u00e9s de l\u2019acad\u00e9mie pourront b\u00e9n\u00e9ficier du financement de leurs projets ou plan d\u2019affaires avec l\u2019appui de la communaut\u00e9 des hommes d&rsquo;affaires du plein \u00e9vangile. CONDITIONS DE PARTICIPATION Toute personne d\u00e9sireuse de prendre part a l&rsquo;acad\u00e9mie peut s&rsquo;inscrire s&rsquo;acquitter de ses frais de participation qui s&rsquo;\u00e9l\u00e8vent \u00e0 10.000FCFA. L&rsquo;inscription se fait en ligne directement \u00e0 partir de cette page en remplissant le&nbsp;formulaire d&rsquo;inscription ici&nbsp;ou cliquer sur&#8230;<\/p>\n","protected":false},"author":1,"featured_media":0,"parent":0,"menu_order":0,"comment_status":"closed","ping_status":"closed","template":"","meta":{"footnotes":""},"class_list":["post-1505","page","type-page","status-publish","hentry","alt-left"],"_links":{"self":[{"href":"https:\/\/fgbmfi-burkina.org\/index.php\/wp-json\/wp\/v2\/pages\/1505","targetHints":{"allow":["GET"]}}],"collection":[{"href":"https:\/\/fgbmfi-burkina.org\/index.php\/wp-json\/wp\/v2\/pages"}],"about":[{"href":"https:\/\/fgbmfi-burkina.org\/index.php\/wp-json\/wp\/v2\/types\/page"}],"author":[{"embeddable":true,"href":"https:\/\/fgbmfi-burkina.org\/index.php\/wp-json\/wp\/v2\/users\/1"}],"replies":[{"embeddable":true,"href":"https:\/\/fgbmfi-burkina.org\/index.php\/wp-json\/wp\/v2\/comments?post=1505"}],"version-history":[{"count":46,"href":"https:\/\/fgbmfi-burkina.org\/index.php\/wp-json\/wp\/v2\/pages\/1505\/revisions"}],"predecessor-version":[{"id":1590,"href":"https:\/\/fgbmfi-burkina.org\/index.php\/wp-json\/wp\/v2\/pages\/1505\/revisions\/1590"}],"wp:attachment":[{"href":"https:\/\/fgbmfi-burkina.org\/index.php\/wp-json\/wp\/v2\/media?parent=1505"}],"curies":[{"name":"wp","href":"https:\/\/api.w.org\/{rel}","templated":true}]}}