{"id":122,"date":"2017-06-21T00:24:23","date_gmt":"2017-06-20T23:24:23","guid":{"rendered":"http:\/\/fgbmfi-burkina.org\/?page_id=122"},"modified":"2019-05-23T18:15:47","modified_gmt":"2019-05-23T17:15:47","slug":"acces-membres","status":"publish","type":"page","link":"https:\/\/fgbmfi-burkina.org\/index.php\/acces-membres\/","title":{"rendered":"R\u00e9pertoire des membres"},"content":{"rendered":"\n<p>Un r\u00e9pertoire des membres de la communaut\u00e9 au Burkina Faso est en cours d\u2019\u00e9dition. Le comit\u00e9 de r\u00e9daction de ce r\u00e9pertoire est \u00e0 l&rsquo;oeuvre pour le finaliser et le mettre en ligne sur ce site. Nous demandons \u00e0 tout membre non encore enregistr\u00e9 de le faire en renseignant le formulaire ci-dessous <\/p>\n\n\n\n<div class=\"wp-block-image\"><figure class=\"alignleft is-resized\"><img decoding=\"async\" src=\"http:\/\/fgbmfi-burkina.org\/wp-content\/uploads\/2019\/05\/symbole-liste.jpg\" alt=\"\" class=\"wp-image-1083\" width=\"61\" height=\"68\" srcset=\"https:\/\/fgbmfi-burkina.org\/wp-content\/uploads\/2019\/05\/symbole-liste.jpg 810w, https:\/\/fgbmfi-burkina.org\/wp-content\/uploads\/2019\/05\/symbole-liste-600x670.jpg 600w, https:\/\/fgbmfi-burkina.org\/wp-content\/uploads\/2019\/05\/symbole-liste-269x300.jpg 269w, https:\/\/fgbmfi-burkina.org\/wp-content\/uploads\/2019\/05\/symbole-liste-768x858.jpg 768w\" sizes=\"(max-width: 61px) 100vw, 61px\" \/><\/figure><\/div>\n\n\n\n<h2 class=\"wp-block-heading\">Inscription sur la liste des membres<\/h2>\n\n\n\n<p>Vous \u00eates membre? inscrivez-vous sur la liste des membres en cliquant <a href=\"https:\/\/form.myjotform.com\/81525476711559\">ici<\/a> ou sur le bouton d&rsquo;inscription ci-dessous<\/p>\n\n\n\n<figure class=\"wp-block-image is-resized\"><img decoding=\"async\" src=\"http:\/\/fgbmfi-burkina.org\/wp-content\/uploads\/2019\/05\/inscription_membres-1024x337.jpg\" alt=\"\" class=\"wp-image-1133\" width=\"148\" height=\"49\" srcset=\"https:\/\/fgbmfi-burkina.org\/wp-content\/uploads\/2019\/05\/inscription_membres-1024x337.jpg 1024w, https:\/\/fgbmfi-burkina.org\/wp-content\/uploads\/2019\/05\/inscription_membres-600x198.jpg 600w, https:\/\/fgbmfi-burkina.org\/wp-content\/uploads\/2019\/05\/inscription_membres-300x99.jpg 300w, https:\/\/fgbmfi-burkina.org\/wp-content\/uploads\/2019\/05\/inscription_membres-768x253.jpg 768w, https:\/\/fgbmfi-burkina.org\/wp-content\/uploads\/2019\/05\/inscription_membres.jpg 1369w\" sizes=\"(max-width: 148px) 100vw, 148px\" \/><\/figure>\n\n\n\n<p> <\/p>\n","protected":false},"excerpt":{"rendered":"<p>Un r\u00e9pertoire des membres de la communaut\u00e9 au Burkina Faso est en cours d\u2019\u00e9dition. Le comit\u00e9 de r\u00e9daction de ce r\u00e9pertoire est \u00e0 l&rsquo;oeuvre pour le finaliser et le mettre en ligne sur ce site. Nous demandons \u00e0 tout membre non encore enregistr\u00e9 de le faire en renseignant le formulaire ci-dessous Inscription sur la liste des membres Vous \u00eates membre? inscrivez-vous sur la liste des membres en cliquant ici ou sur le bouton d&rsquo;inscription ci-dessous<\/p>\n","protected":false},"author":1,"featured_media":0,"parent":0,"menu_order":0,"comment_status":"closed","ping_status":"closed","template":"","meta":{"footnotes":""},"class_list":["post-122","page","type-page","status-publish","hentry","alt-left"],"_links":{"self":[{"href":"https:\/\/fgbmfi-burkina.org\/index.php\/wp-json\/wp\/v2\/pages\/122","targetHints":{"allow":["GET"]}}],"collection":[{"href":"https:\/\/fgbmfi-burkina.org\/index.php\/wp-json\/wp\/v2\/pages"}],"about":[{"href":"https:\/\/fgbmfi-burkina.org\/index.php\/wp-json\/wp\/v2\/types\/page"}],"author":[{"embeddable":true,"href":"https:\/\/fgbmfi-burkina.org\/index.php\/wp-json\/wp\/v2\/users\/1"}],"replies":[{"embeddable":true,"href":"https:\/\/fgbmfi-burkina.org\/index.php\/wp-json\/wp\/v2\/comments?post=122"}],"version-history":[{"count":11,"href":"https:\/\/fgbmfi-burkina.org\/index.php\/wp-json\/wp\/v2\/pages\/122\/revisions"}],"predecessor-version":[{"id":1135,"href":"https:\/\/fgbmfi-burkina.org\/index.php\/wp-json\/wp\/v2\/pages\/122\/revisions\/1135"}],"wp:attachment":[{"href":"https:\/\/fgbmfi-burkina.org\/index.php\/wp-json\/wp\/v2\/media?parent=122"}],"curies":[{"name":"wp","href":"https:\/\/api.w.org\/{rel}","templated":true}]}}