{"id":1137,"date":"2019-05-23T19:10:21","date_gmt":"2019-05-23T18:10:21","guid":{"rendered":"http:\/\/fgbmfi-burkina.org\/?page_id=1137"},"modified":"2019-05-23T20:05:38","modified_gmt":"2019-05-23T19:05:38","slug":"principes-spirituels","status":"publish","type":"page","link":"https:\/\/fgbmfi-burkina.org\/index.php\/principes-spirituels\/","title":{"rendered":"Principes Spirituels"},"content":{"rendered":"\n<div class=\"wp-block-image\"><figure class=\"alignleft is-resized\"><img fetchpriority=\"high\" decoding=\"async\" src=\"http:\/\/fgbmfi-burkina.org\/wp-content\/uploads\/2019\/05\/pray-1.png\" alt=\"\" class=\"wp-image-1152\" width=\"350\" height=\"197\"\/><\/figure><\/div>\n\n\n\n<ol class=\"wp-block-list\"><li>Nous croyons en un seul Dieu, cr\u00e9ateur de toute chose unit\u00e9 du p\u00e8re, fils et du saint esprit<\/li><li>Nous croyons que J\u00e9sus christ fils de Dieu incarn\u00e9 a \u00e9t\u00e9 engendr\u00e9 par l\u2019esprit saint, qu\u2019il est n\u00e9 da la vierge Marie et qu\u2019il est \u00e0 la fois vrai Dieu et vrai Homme.<\/li><li>Nous croyons en la bible tout enti\u00e8re comme verbe inspir\u00e9 de Dieu et r\u00e8gle infaillible de la foi et de la vie.<\/li><li>Nous croyons \u00e0 la r\u00e9surrection des morts, au bonheur \u00e9ternel des sauv\u00e9s et au ch\u00e2timent \u00e9ternel des p\u00e9cheurs imp\u00e9nitent.<\/li><li>Nous croyons au salut personnel des croyants au prix du sang vers\u00e9 par le christ.<\/li><li>Nous croyons \u00e0 la sanctification gr\u00e2ce au sang vers\u00e9 du christ \u00e0 la saintet\u00e9 personnelle du c\u0153ur et de la vie\u00a0 et \u00e0 cette parole du christ aux chr\u00e9tiens \u00ab\u00a0vous n\u2019\u00eates pas du monde\u00a0\u00bb<\/li><li>Nous croyons \u00e0 la gu\u00e9rison divine par la foi, gu\u00e9rison incluse dans le sacrifice expiatoire du christ.<\/li><li>Nous croyons au bapt\u00eame dans l\u2019esprit saint, couramment accompagn\u00e9 du signe du parler en d\u2019autres langues selon que l\u2019esprit de Dieu le donne (actes2, 4)\u00a0: ce parler est distinct de la nouvelle naissance. Nous croyons aux nerfs donc de l\u2019esprit \u00e9num\u00e9r\u00e9s dans 1 Corinthiens 12, comme ils sont maintenant encore offerts aux croyants<\/li><li>Nous partageons l\u2019esp\u00e9rance chr\u00e9tienne du retour personnel et prochain de J\u00e9sus christ notre seigneur<\/li><li>Nous croyons en l\u2019\u0153uvre intensive d\u2019\u00e9vang\u00e9lisation du monde entier, conform\u00e9ment \u00e0 la grande mission, ordonn\u00e9 par J\u00e9sus (Marc 16\u00a0:15-18\u00a0; Mathieu 28\u00a0:19-20\u00a0; Luc 24,47-49\u00a0; Jean 17,18\u00a0; et Jean 21\u00a0; 21) conform\u00e9ment \u00e0 Essaie 61,1-3.<\/li><\/ol>\n\n\n\n<p>Au d\u00e9but de la communaut\u00e9 et durant tout son minist\u00e8re, Demos exhortait les membres \u00e0 respecter et \u00eatre fid\u00e8les aux deux principes suivants\u00a0:<\/p>\n\n\n\n<p><strong>Restez dans\nvotre \u00e9glise<\/strong>&nbsp;: si elle est dans la puissance de\nl\u2019esprit, retournez-y r\u00e9solus \u00e0 servir Dieu avec plus z\u00e8le que jamais. Sinon\nretournez-y en tant que missionnaires remplis de l\u2019esprit.<\/p>\n\n\n\n<p><strong>Votre d\u00eeme\nappartient \u00e0 votre \u00e9glise<\/strong>&nbsp;: tout ce que vous\ndonnez aux r\u00e9unions ne peut venir qu\u2019apr\u00e8s et en plus de la d\u00eeme.<\/p>\n","protected":false},"excerpt":{"rendered":"<p>Nous croyons en un seul Dieu, cr\u00e9ateur de toute chose unit\u00e9 du p\u00e8re, fils et du saint esprit Nous croyons que J\u00e9sus christ fils de Dieu incarn\u00e9 a \u00e9t\u00e9 engendr\u00e9 par l\u2019esprit saint, qu\u2019il est n\u00e9 da la vierge Marie et qu\u2019il est \u00e0 la fois vrai Dieu et vrai Homme. Nous croyons en la bible tout enti\u00e8re comme verbe inspir\u00e9 de Dieu et r\u00e8gle infaillible de la foi et de la vie. Nous croyons \u00e0 la r\u00e9surrection des morts, au bonheur \u00e9ternel des sauv\u00e9s et au ch\u00e2timent \u00e9ternel des p\u00e9cheurs imp\u00e9nitent. Nous croyons au salut personnel des croyants au&#8230;<\/p>\n","protected":false},"author":1,"featured_media":0,"parent":0,"menu_order":0,"comment_status":"closed","ping_status":"closed","template":"","meta":{"footnotes":""},"class_list":["post-1137","page","type-page","status-publish","hentry","alt-left"],"_links":{"self":[{"href":"https:\/\/fgbmfi-burkina.org\/index.php\/wp-json\/wp\/v2\/pages\/1137","targetHints":{"allow":["GET"]}}],"collection":[{"href":"https:\/\/fgbmfi-burkina.org\/index.php\/wp-json\/wp\/v2\/pages"}],"about":[{"href":"https:\/\/fgbmfi-burkina.org\/index.php\/wp-json\/wp\/v2\/types\/page"}],"author":[{"embeddable":true,"href":"https:\/\/fgbmfi-burkina.org\/index.php\/wp-json\/wp\/v2\/users\/1"}],"replies":[{"embeddable":true,"href":"https:\/\/fgbmfi-burkina.org\/index.php\/wp-json\/wp\/v2\/comments?post=1137"}],"version-history":[{"count":5,"href":"https:\/\/fgbmfi-burkina.org\/index.php\/wp-json\/wp\/v2\/pages\/1137\/revisions"}],"predecessor-version":[{"id":1156,"href":"https:\/\/fgbmfi-burkina.org\/index.php\/wp-json\/wp\/v2\/pages\/1137\/revisions\/1156"}],"wp:attachment":[{"href":"https:\/\/fgbmfi-burkina.org\/index.php\/wp-json\/wp\/v2\/media?parent=1137"}],"curies":[{"name":"wp","href":"https:\/\/api.w.org\/{rel}","templated":true}]}}